{"id":20,"date":"2024-05-15T17:06:34","date_gmt":"2024-05-15T15:06:34","guid":{"rendered":"http:\/\/jeanneguillaume.com\/?page_id=20"},"modified":"2024-05-15T18:06:18","modified_gmt":"2024-05-15T16:06:18","slug":"creez-votre-site-avec-des-blocs","status":"publish","type":"page","link":"https:\/\/jeanneguillaume.com\/","title":{"rendered":"Page d&#8217;accueil"},"content":{"rendered":"\n<h1 class=\"wp-block-heading alignwide has-text-align-center has-text-align-wide has-gigantic-font-size\" style=\"line-height:1.1\">BIOGRAPHE<\/h1>\n\n\n\n<h3 class=\"wp-block-heading has-text-align-center\">J&#8217;\u00e9cris votre histoire<\/h3>\n\n\n\n<div style=\"height:100px\" aria-hidden=\"true\" class=\"wp-block-spacer\"><\/div>\n\n\n\n<div class=\"wp-block-columns are-vertically-aligned-center is-style-twentytwentyone-columns-overlap is-layout-flex wp-container-core-columns-is-layout-28f84493 wp-block-columns-is-layout-flex\">\n<div class=\"wp-block-column is-vertically-aligned-center is-layout-flow wp-block-column-is-layout-flow\">\n<figure class=\"wp-block-image aligncenter size-large is-style-rounded\"><img decoding=\"async\" src=\"http:\/\/jeanneguillaume.com\/wp-content\/uploads\/2024\/05\/DSCF0339-1024x683.jpg\" alt=\"Jeanne Guillaume biographe\" class=\"wp-image-41\"\/><\/figure>\n<\/div>\n<\/div>\n\n\n\n<div style=\"height:50px\" aria-hidden=\"true\" class=\"wp-block-spacer\"><\/div>\n\n\n\n<h2 class=\"wp-block-heading has-text-align-center\">Le processus de la biographie&nbsp;<\/h2>\n\n\n\n<p class=\"has-text-align-center\">Un entretien pr\u00e9alable gratuit<br>Des entretiens en personne<br>Des recherches (Histoire, documents, archives\u2026)<br>Une \u00e9criture pr\u00e9cise et soign\u00e9e, dans un style qui vous correspond<br>La finalisation d\u2019un livre avec vous<\/p>\n\n\n\n<p class=\"has-text-align-center\">Pour r\u00e9server un entretien pr\u00e9alable gratuit, je vous invite \u00e0 me contacter.<\/p>\n\n\n\n<div style=\"height:31px\" aria-hidden=\"true\" class=\"wp-block-spacer\"><\/div>\n\n\n\n<h2 class=\"wp-block-heading has-text-align-center\">Je me pr\u00e9sente<\/h2>\n\n\n\n<p class=\"has-text-align-center\">Mes exp\u00e9riences pr\u00e9c\u00e9dentes en tant que journaliste, photographe, r\u00e9dactrice et animatrice de podcast m\u2019ont naturellement men\u00e9e au m\u00e9tier de biographe.<\/p>\n\n\n\n<p class=\"has-text-align-center\">L\u2019exercice de la biographie r\u00e9unit : la rencontre, l\u2019\u00e9coute, la recherche d\u2019informations, l\u2019\u00e9criture et l\u2019\u00e9dition. Chaque \u00e9tape me passionne.<\/p>\n\n\n\n<p class=\"has-text-align-center\">En tant que biographe, je ressens un int\u00e9r\u00eat et un respect profonds pour les histoires que je suis charg\u00e9e d\u2019aider \u00e0 transmettre. Je me mets au service des personnes qui me charge de cette mission avec joie, humilit\u00e9 et rigueur.<\/p>\n\n\n\n<p class=\"has-text-align-center\">Pour en savoir plus, je vous invite \u00e0 me contacter.<\/p>\n\n\n\n<div style=\"height:31px\" aria-hidden=\"true\" class=\"wp-block-spacer\"><\/div>\n\n\n\n<h2 class=\"wp-block-heading has-text-align-center\">Contact<\/h2>\n\n\n\n<p class=\"has-text-align-center\">info.troisponts@gmail.com  <\/p>\n\n\n\n<p class=\"has-text-align-center\">06.44.97.16.69 (lundi-vendredi 09h00 &#8211; 18h00)<\/p>\n\n\n\n<div style=\"height:100px\" aria-hidden=\"true\" class=\"wp-block-spacer\"><\/div>\n","protected":false},"excerpt":{"rendered":"<p>BIOGRAPHE J&#8217;\u00e9cris votre histoire Le processus de la biographie&nbsp; Un entretien pr\u00e9alable gratuitDes entretiens en personneDes recherches (Histoire, documents, archives\u2026)Une \u00e9criture pr\u00e9cise et soign\u00e9e, dans un style qui vous correspondLa finalisation d\u2019un livre avec vous Pour r\u00e9server un entretien pr\u00e9alable gratuit, je vous invite \u00e0 me contacter. Je me pr\u00e9sente Mes exp\u00e9riences pr\u00e9c\u00e9dentes en tant [&hellip;]<\/p>\n","protected":false},"author":1,"featured_media":0,"parent":0,"menu_order":0,"comment_status":"closed","ping_status":"closed","template":"","meta":{"_themeisle_gutenberg_block_has_review":false,"footnotes":""},"class_list":["post-20","page","type-page","status-publish","hentry"],"_links":{"self":[{"href":"https:\/\/jeanneguillaume.com\/index.php\/wp-json\/wp\/v2\/pages\/20","targetHints":{"allow":["GET"]}}],"collection":[{"href":"https:\/\/jeanneguillaume.com\/index.php\/wp-json\/wp\/v2\/pages"}],"about":[{"href":"https:\/\/jeanneguillaume.com\/index.php\/wp-json\/wp\/v2\/types\/page"}],"author":[{"embeddable":true,"href":"https:\/\/jeanneguillaume.com\/index.php\/wp-json\/wp\/v2\/users\/1"}],"replies":[{"embeddable":true,"href":"https:\/\/jeanneguillaume.com\/index.php\/wp-json\/wp\/v2\/comments?post=20"}],"version-history":[{"count":9,"href":"https:\/\/jeanneguillaume.com\/index.php\/wp-json\/wp\/v2\/pages\/20\/revisions"}],"predecessor-version":[{"id":53,"href":"https:\/\/jeanneguillaume.com\/index.php\/wp-json\/wp\/v2\/pages\/20\/revisions\/53"}],"wp:attachment":[{"href":"https:\/\/jeanneguillaume.com\/index.php\/wp-json\/wp\/v2\/media?parent=20"}],"curies":[{"name":"wp","href":"https:\/\/api.w.org\/{rel}","templated":true}]}}